{"id":7636,"date":"2025-10-25T00:08:07","date_gmt":"2025-10-24T22:08:07","guid":{"rendered":"https:\/\/ravas-tn.com\/?post_type=product&#038;p=7636"},"modified":"2025-10-25T00:10:53","modified_gmt":"2025-10-24T22:10:53","slug":"t-shirt-oversize","status":"publish","type":"product","link":"https:\/\/ravas-tn.com\/fr\/produit\/t-shirt-oversize\/","title":{"rendered":"T-SHIRT OVERSIZE"},"content":{"rendered":"<p><strong data-start=\"23\" data-end=\"41\">IN YOUR LOCKER<\/strong><\/p>\n<p><br data-start=\"41\" data-end=\"44\" \/>Con\u00e7u pour un style d\u00e9contract\u00e9 et sans effort, le <strong data-start=\"95\" data-end=\"115\">T-shirt Oversize<\/strong> allie confort et \u00e9l\u00e9gance en parfaite harmonie.<\/p>\n<p><strong data-start=\"166\" data-end=\"179\">Mati\u00e8re :<\/strong> 100 % Coton<br data-start=\"191\" data-end=\"194\" \/><strong data-start=\"194\" data-end=\"205\">Coupe :<\/strong> Oversize<br data-start=\"214\" data-end=\"217\" \/><strong data-start=\"217\" data-end=\"229\">Design :<\/strong> Avec son col rond classique, ses manches courtes et son ourlet droit, ce t-shirt offre un confort absolu. Le marquage thermocoll\u00e9 sur la poitrine apporte une touche premium.<br data-start=\"403\" data-end=\"406\" \/><strong data-start=\"406\" data-end=\"418\">Mod\u00e8le :<\/strong> Taille port\u00e9e : M.<\/p>","protected":false},"excerpt":{"rendered":"<p>IN YOUR LOCKER Con\u00e7u pour un style d\u00e9contract\u00e9 et sans effort, le T-shirt Oversize allie confort et \u00e9l\u00e9gance en parfaite harmonie. Mati\u00e8re : 100 % CotonCoupe : OversizeDesign : Avec son col rond classique, ses manches courtes et son ourlet droit, ce t-shirt offre un confort absolu. Le marquage thermocoll\u00e9 sur la poitrine apporte une [&hellip;]<\/p>","protected":false},"featured_media":7635,"comment_status":"open","ping_status":"closed","template":"","meta":{"_eb_attr":""},"product_brand":[],"product_cat":[50,61],"product_tag":[],"class_list":{"0":"post-7636","1":"product","2":"type-product","3":"status-publish","4":"has-post-thumbnail","6":"product_cat-men","7":"product_cat-t-shirts","9":"first","10":"instock","11":"taxable","12":"shipping-taxable","13":"purchasable","14":"product-type-variable"},"_links":{"self":[{"href":"https:\/\/ravas-tn.com\/fr\/wp-json\/wp\/v2\/product\/7636","targetHints":{"allow":["GET"]}}],"collection":[{"href":"https:\/\/ravas-tn.com\/fr\/wp-json\/wp\/v2\/product"}],"about":[{"href":"https:\/\/ravas-tn.com\/fr\/wp-json\/wp\/v2\/types\/product"}],"replies":[{"embeddable":true,"href":"https:\/\/ravas-tn.com\/fr\/wp-json\/wp\/v2\/comments?post=7636"}],"version-history":[{"count":0,"href":"https:\/\/ravas-tn.com\/fr\/wp-json\/wp\/v2\/product\/7636\/revisions"}],"wp:featuredmedia":[{"embeddable":true,"href":"https:\/\/ravas-tn.com\/fr\/wp-json\/wp\/v2\/media\/7635"}],"wp:attachment":[{"href":"https:\/\/ravas-tn.com\/fr\/wp-json\/wp\/v2\/media?parent=7636"}],"wp:term":[{"taxonomy":"product_brand","embeddable":true,"href":"https:\/\/ravas-tn.com\/fr\/wp-json\/wp\/v2\/product_brand?post=7636"},{"taxonomy":"product_cat","embeddable":true,"href":"https:\/\/ravas-tn.com\/fr\/wp-json\/wp\/v2\/product_cat?post=7636"},{"taxonomy":"product_tag","embeddable":true,"href":"https:\/\/ravas-tn.com\/fr\/wp-json\/wp\/v2\/product_tag?post=7636"}],"curies":[{"name":"wp","href":"https:\/\/api.w.org\/{rel}","templated":true}]}}