{"id":7609,"date":"2025-10-24T23:46:17","date_gmt":"2025-10-24T21:46:17","guid":{"rendered":"https:\/\/ravas-tn.com\/?post_type=product&#038;p=7609"},"modified":"2025-10-24T23:47:26","modified_gmt":"2025-10-24T21:47:26","slug":"luxury-stringer","status":"publish","type":"product","link":"https:\/\/ravas-tn.com\/fr\/produit\/luxury-stringer\/","title":{"rendered":"LUXURY STRINGER"},"content":{"rendered":"<p><strong>LUXE \u00c0 CHAQUE MOUVEMENT<\/strong><\/p>\n<p><br data-start=\"23\" data-end=\"26\" \/>D\u00e9couvrez une libert\u00e9 et un confort in\u00e9gal\u00e9s avec le <strong data-start=\"79\" data-end=\"98\">Luxury Stringer<\/strong>, con\u00e7u pour les athl\u00e8tes qui refusent de faire des compromis entre style et performance.<\/p>\n<p><strong data-start=\"190\" data-end=\"203\">Mati\u00e8re :<\/strong> 100 % Nylon<br data-start=\"215\" data-end=\"218\" \/><strong data-start=\"218\" data-end=\"229\">Coupe :<\/strong> Ajust\u00e9e (Slim fit)<br data-start=\"248\" data-end=\"251\" \/><strong data-start=\"251\" data-end=\"263\">Design :<\/strong> L\u00e9ger et respirant, le <strong data-start=\"287\" data-end=\"306\">Luxury Stringer<\/strong> associe performance et \u00e9l\u00e9gance avec un logo RAVAS raffin\u00e9, des coutures uniques et un look minimaliste.<br data-start=\"411\" data-end=\"414\" \/><strong data-start=\"414\" data-end=\"426\">Mod\u00e8le :<\/strong> Taille port\u00e9e : M.<\/p>","protected":false},"excerpt":{"rendered":"<p>LUXE \u00c0 CHAQUE MOUVEMENT D\u00e9couvrez une libert\u00e9 et un confort in\u00e9gal\u00e9s avec le Luxury Stringer, con\u00e7u pour les athl\u00e8tes qui refusent de faire des compromis entre style et performance. Mati\u00e8re : 100 % NylonCoupe : Ajust\u00e9e (Slim fit)Design : L\u00e9ger et respirant, le Luxury Stringer associe performance et \u00e9l\u00e9gance avec un logo RAVAS raffin\u00e9, des [&hellip;]<\/p>","protected":false},"featured_media":7607,"comment_status":"open","ping_status":"closed","template":"","meta":{"_eb_attr":""},"product_brand":[],"product_cat":[50,140],"product_tag":[],"class_list":{"0":"post-7609","1":"product","2":"type-product","3":"status-publish","4":"has-post-thumbnail","6":"product_cat-men","7":"product_cat-stringers","9":"first","10":"instock","11":"taxable","12":"shipping-taxable","13":"purchasable","14":"product-type-variable"},"_links":{"self":[{"href":"https:\/\/ravas-tn.com\/fr\/wp-json\/wp\/v2\/product\/7609","targetHints":{"allow":["GET"]}}],"collection":[{"href":"https:\/\/ravas-tn.com\/fr\/wp-json\/wp\/v2\/product"}],"about":[{"href":"https:\/\/ravas-tn.com\/fr\/wp-json\/wp\/v2\/types\/product"}],"replies":[{"embeddable":true,"href":"https:\/\/ravas-tn.com\/fr\/wp-json\/wp\/v2\/comments?post=7609"}],"version-history":[{"count":0,"href":"https:\/\/ravas-tn.com\/fr\/wp-json\/wp\/v2\/product\/7609\/revisions"}],"wp:featuredmedia":[{"embeddable":true,"href":"https:\/\/ravas-tn.com\/fr\/wp-json\/wp\/v2\/media\/7607"}],"wp:attachment":[{"href":"https:\/\/ravas-tn.com\/fr\/wp-json\/wp\/v2\/media?parent=7609"}],"wp:term":[{"taxonomy":"product_brand","embeddable":true,"href":"https:\/\/ravas-tn.com\/fr\/wp-json\/wp\/v2\/product_brand?post=7609"},{"taxonomy":"product_cat","embeddable":true,"href":"https:\/\/ravas-tn.com\/fr\/wp-json\/wp\/v2\/product_cat?post=7609"},{"taxonomy":"product_tag","embeddable":true,"href":"https:\/\/ravas-tn.com\/fr\/wp-json\/wp\/v2\/product_tag?post=7609"}],"curies":[{"name":"wp","href":"https:\/\/api.w.org\/{rel}","templated":true}]}}