{"id":7572,"date":"2025-10-19T00:13:48","date_gmt":"2025-10-18T22:13:48","guid":{"rendered":"https:\/\/ravas-tn.com\/?post_type=product&#038;p=7572"},"modified":"2025-10-19T00:28:11","modified_gmt":"2025-10-18T22:28:11","slug":"legacy-drop-arm-tank","status":"publish","type":"product","link":"https:\/\/ravas-tn.com\/fr\/produit\/legacy-drop-arm-tank\/","title":{"rendered":"LEGACY DROP ARM TANK"},"content":{"rendered":"<p><strong>OWN THE MOMENT\u00a0<\/strong><\/p>\n<p>Con\u00e7u pour allier libert\u00e9 et style, ce d\u00e9bardeur Drop Arm offre une mobilit\u00e9 maximale gr\u00e2ce \u00e0 sa l\u00e9g\u00e8ret\u00e9, vous gardant au frais et \u00e0 l\u2019aise durant chaque entra\u00eenement.<\/p>\n<p><strong data-start=\"194\" data-end=\"207\">Mati\u00e8re :<\/strong> 95 % coton, 5 % \u00e9lasthanne<br data-start=\"234\" data-end=\"237\" \/><strong data-start=\"237\" data-end=\"248\">Coupe :<\/strong> Ajust\u00e9e (slim fit)<br data-start=\"267\" data-end=\"270\" \/><strong data-start=\"270\" data-end=\"282\">Design :<\/strong> Fabriqu\u00e9 \u00e0 partir d\u2019un tissu respirant et anti-transpiration pour vous garder au sec et concentr\u00e9. Il pr\u00e9sente le logo <strong data-start=\"402\" data-end=\"411\">RAVAS<\/strong> sur la poitrine et un imprim\u00e9 <strong data-start=\"442\" data-end=\"451\">RAVAS<\/strong> dans le dos pour une finition premium.<br data-start=\"490\" data-end=\"493\" \/><strong data-start=\"493\" data-end=\"505\">Mod\u00e8le :<\/strong> Taille port\u00e9e : M.<\/p>","protected":false},"excerpt":{"rendered":"<p>OWN THE MOMENT\u00a0 Con\u00e7u pour allier libert\u00e9 et style, ce d\u00e9bardeur Drop Arm offre une mobilit\u00e9 maximale gr\u00e2ce \u00e0 sa l\u00e9g\u00e8ret\u00e9, vous gardant au frais et \u00e0 l\u2019aise durant chaque entra\u00eenement. Mati\u00e8re : 95 % coton, 5 % \u00e9lasthanneCoupe : Ajust\u00e9e (slim fit)Design : Fabriqu\u00e9 \u00e0 partir d\u2019un tissu respirant et anti-transpiration pour vous garder [&hellip;]<\/p>","protected":false},"featured_media":7593,"comment_status":"open","ping_status":"closed","template":"","meta":{"_eb_attr":""},"product_brand":[],"product_cat":[139,50],"product_tag":[],"class_list":{"0":"post-7572","1":"product","2":"type-product","3":"status-publish","4":"has-post-thumbnail","6":"product_cat-debardeurs","7":"product_cat-men","9":"first","10":"instock","11":"taxable","12":"shipping-taxable","13":"purchasable","14":"product-type-variable"},"_links":{"self":[{"href":"https:\/\/ravas-tn.com\/fr\/wp-json\/wp\/v2\/product\/7572","targetHints":{"allow":["GET"]}}],"collection":[{"href":"https:\/\/ravas-tn.com\/fr\/wp-json\/wp\/v2\/product"}],"about":[{"href":"https:\/\/ravas-tn.com\/fr\/wp-json\/wp\/v2\/types\/product"}],"replies":[{"embeddable":true,"href":"https:\/\/ravas-tn.com\/fr\/wp-json\/wp\/v2\/comments?post=7572"}],"version-history":[{"count":0,"href":"https:\/\/ravas-tn.com\/fr\/wp-json\/wp\/v2\/product\/7572\/revisions"}],"wp:featuredmedia":[{"embeddable":true,"href":"https:\/\/ravas-tn.com\/fr\/wp-json\/wp\/v2\/media\/7593"}],"wp:attachment":[{"href":"https:\/\/ravas-tn.com\/fr\/wp-json\/wp\/v2\/media?parent=7572"}],"wp:term":[{"taxonomy":"product_brand","embeddable":true,"href":"https:\/\/ravas-tn.com\/fr\/wp-json\/wp\/v2\/product_brand?post=7572"},{"taxonomy":"product_cat","embeddable":true,"href":"https:\/\/ravas-tn.com\/fr\/wp-json\/wp\/v2\/product_cat?post=7572"},{"taxonomy":"product_tag","embeddable":true,"href":"https:\/\/ravas-tn.com\/fr\/wp-json\/wp\/v2\/product_tag?post=7572"}],"curies":[{"name":"wp","href":"https:\/\/api.w.org\/{rel}","templated":true}]}}