{"id":7558,"date":"2025-10-18T00:05:51","date_gmt":"2025-10-17T22:05:51","guid":{"rendered":"https:\/\/ravas-tn.com\/?post_type=product&#038;p=7558"},"modified":"2026-01-19T22:38:52","modified_gmt":"2026-01-19T21:38:52","slug":"short","status":"publish","type":"product","link":"https:\/\/ravas-tn.com\/fr\/produit\/short\/","title":{"rendered":"SHORT"},"content":{"rendered":"<p><strong>BOOST YOUR SPEED<\/strong><\/p>\n<p>Con\u00e7u pour une mobilit\u00e9 et un confort maximum, ce short te permet de bouger librement tout en soutenant tes performances \u00e0 chaque entra\u00eenement.<\/p>\n<p><br data-start=\"167\" data-end=\"170\" \/><strong data-start=\"170\" data-end=\"183\">Mati\u00e8re :<\/strong> 80 % Coton, 20 % Polyester<br data-start=\"210\" data-end=\"213\" \/><strong data-start=\"213\" data-end=\"224\">Coupe :<\/strong> Ajust\u00e9e (slim fit)<br data-start=\"243\" data-end=\"246\" \/><strong data-start=\"246\" data-end=\"258\">Design :<\/strong> Dot\u00e9 d\u2019une taille r\u00e9glable avec cordon, de poches lat\u00e9rales ouvertes et d\u2019un logo RAVAS r\u00e9sistant, ce short offre une coupe confortable et un int\u00e9rieur doux bross\u00e9.<br data-start=\"423\" data-end=\"426\" \/><strong data-start=\"426\" data-end=\"438\">Mod\u00e8le : <\/strong>Taille port\u00e9e : M.<\/p>","protected":false},"excerpt":{"rendered":"<p>BOOST YOUR SPEED Con\u00e7u pour une mobilit\u00e9 et un confort maximum, ce short te permet de bouger librement tout en soutenant tes performances \u00e0 chaque entra\u00eenement. Mati\u00e8re : 80 % Coton, 20 % PolyesterCoupe : Ajust\u00e9e (slim fit)Design : Dot\u00e9 d\u2019une taille r\u00e9glable avec cordon, de poches lat\u00e9rales ouvertes et d\u2019un logo RAVAS r\u00e9sistant, ce [&hellip;]<\/p>","protected":false},"featured_media":7554,"comment_status":"open","ping_status":"closed","template":"","meta":{"_eb_attr":""},"product_brand":[],"product_cat":[50,56],"product_tag":[],"class_list":{"0":"post-7558","1":"product","2":"type-product","3":"status-publish","4":"has-post-thumbnail","6":"product_cat-men","7":"product_cat-shorts","9":"first","10":"instock","11":"taxable","12":"shipping-taxable","13":"purchasable","14":"product-type-variable"},"_links":{"self":[{"href":"https:\/\/ravas-tn.com\/fr\/wp-json\/wp\/v2\/product\/7558","targetHints":{"allow":["GET"]}}],"collection":[{"href":"https:\/\/ravas-tn.com\/fr\/wp-json\/wp\/v2\/product"}],"about":[{"href":"https:\/\/ravas-tn.com\/fr\/wp-json\/wp\/v2\/types\/product"}],"replies":[{"embeddable":true,"href":"https:\/\/ravas-tn.com\/fr\/wp-json\/wp\/v2\/comments?post=7558"}],"version-history":[{"count":0,"href":"https:\/\/ravas-tn.com\/fr\/wp-json\/wp\/v2\/product\/7558\/revisions"}],"wp:featuredmedia":[{"embeddable":true,"href":"https:\/\/ravas-tn.com\/fr\/wp-json\/wp\/v2\/media\/7554"}],"wp:attachment":[{"href":"https:\/\/ravas-tn.com\/fr\/wp-json\/wp\/v2\/media?parent=7558"}],"wp:term":[{"taxonomy":"product_brand","embeddable":true,"href":"https:\/\/ravas-tn.com\/fr\/wp-json\/wp\/v2\/product_brand?post=7558"},{"taxonomy":"product_cat","embeddable":true,"href":"https:\/\/ravas-tn.com\/fr\/wp-json\/wp\/v2\/product_cat?post=7558"},{"taxonomy":"product_tag","embeddable":true,"href":"https:\/\/ravas-tn.com\/fr\/wp-json\/wp\/v2\/product_tag?post=7558"}],"curies":[{"name":"wp","href":"https:\/\/api.w.org\/{rel}","templated":true}]}}