{"id":7543,"date":"2025-10-17T23:09:38","date_gmt":"2025-10-17T21:09:38","guid":{"rendered":"https:\/\/ravas-tn.com\/?post_type=product&#038;p=7543"},"modified":"2026-01-26T10:26:23","modified_gmt":"2026-01-26T09:26:23","slug":"legging-compression","status":"publish","type":"product","link":"https:\/\/ravas-tn.com\/fr\/produit\/legging-compression\/","title":{"rendered":"LEGGING COMPRESSION"},"content":{"rendered":"<p><strong>LIB\u00c8RE TA FORCE<\/strong><\/p>\n<p>Alliant maintien et agilit\u00e9, ce legging de compression optimise tes performances pour t\u2019aider \u00e0 dominer chaque entra\u00eenement avec confiance.<\/p>\n<p><br data-start=\"190\" data-end=\"193\" \/><strong data-start=\"193\" data-end=\"206\">Mati\u00e8re :<\/strong> 88 % Polyester, 12 % \u00c9lasthanne<br data-start=\"238\" data-end=\"241\" \/><strong data-start=\"241\" data-end=\"252\">Coupe :<\/strong> Ajust\u00e9e (compression fit)<br data-start=\"278\" data-end=\"281\" \/><strong data-start=\"281\" data-end=\"293\">Design :<\/strong> Con\u00e7u pour mettre en valeur ta silhouette gr\u00e2ce \u00e0 des coutures sculptantes, ce legging r\u00e9duit les irritations gr\u00e2ce aux coutures plates. Il int\u00e8gre une technologie d\u2019\u00e9vacuation de la transpiration pour te garder au frais et au sec. Le logo est imprim\u00e9 au-dessus du pied pour une touche de style subtile.<br data-start=\"597\" data-end=\"600\" \/><strong data-start=\"600\" data-end=\"612\">Mod\u00e8le :<\/strong> Taille port\u00e9e : M.<\/p>","protected":false},"excerpt":{"rendered":"<p>LIB\u00c8RE TA FORCE Alliant maintien et agilit\u00e9, ce legging de compression optimise tes performances pour t\u2019aider \u00e0 dominer chaque entra\u00eenement avec confiance. Mati\u00e8re : 88 % Polyester, 12 % \u00c9lasthanneCoupe : Ajust\u00e9e (compression fit)Design : Con\u00e7u pour mettre en valeur ta silhouette gr\u00e2ce \u00e0 des coutures sculptantes, ce legging r\u00e9duit les irritations gr\u00e2ce aux coutures [&hellip;]<\/p>","protected":false},"featured_media":7540,"comment_status":"open","ping_status":"closed","template":"","meta":{"_eb_attr":""},"product_brand":[],"product_cat":[141,50],"product_tag":[],"class_list":{"0":"post-7543","1":"product","2":"type-product","3":"status-publish","4":"has-post-thumbnail","6":"product_cat-leggings","7":"product_cat-men","9":"first","10":"instock","11":"taxable","12":"shipping-taxable","13":"purchasable","14":"product-type-variable"},"_links":{"self":[{"href":"https:\/\/ravas-tn.com\/fr\/wp-json\/wp\/v2\/product\/7543","targetHints":{"allow":["GET"]}}],"collection":[{"href":"https:\/\/ravas-tn.com\/fr\/wp-json\/wp\/v2\/product"}],"about":[{"href":"https:\/\/ravas-tn.com\/fr\/wp-json\/wp\/v2\/types\/product"}],"replies":[{"embeddable":true,"href":"https:\/\/ravas-tn.com\/fr\/wp-json\/wp\/v2\/comments?post=7543"}],"version-history":[{"count":0,"href":"https:\/\/ravas-tn.com\/fr\/wp-json\/wp\/v2\/product\/7543\/revisions"}],"wp:featuredmedia":[{"embeddable":true,"href":"https:\/\/ravas-tn.com\/fr\/wp-json\/wp\/v2\/media\/7540"}],"wp:attachment":[{"href":"https:\/\/ravas-tn.com\/fr\/wp-json\/wp\/v2\/media?parent=7543"}],"wp:term":[{"taxonomy":"product_brand","embeddable":true,"href":"https:\/\/ravas-tn.com\/fr\/wp-json\/wp\/v2\/product_brand?post=7543"},{"taxonomy":"product_cat","embeddable":true,"href":"https:\/\/ravas-tn.com\/fr\/wp-json\/wp\/v2\/product_cat?post=7543"},{"taxonomy":"product_tag","embeddable":true,"href":"https:\/\/ravas-tn.com\/fr\/wp-json\/wp\/v2\/product_tag?post=7543"}],"curies":[{"name":"wp","href":"https:\/\/api.w.org\/{rel}","templated":true}]}}