{"id":7506,"date":"2025-10-10T23:49:40","date_gmt":"2025-10-10T21:49:40","guid":{"rendered":"https:\/\/ravas-tn.com\/?post_type=product&#038;p=7506"},"modified":"2026-01-19T22:39:09","modified_gmt":"2026-01-19T21:39:09","slug":"legacy-drop-arm-hoodie","status":"publish","type":"product","link":"https:\/\/ravas-tn.com\/fr\/produit\/legacy-drop-arm-hoodie\/","title":{"rendered":"LEGACY DROP ARM HOODIE"},"content":{"rendered":"<p data-start=\"0\" data-end=\"21\"><strong data-start=\"0\" data-end=\"19\">CR\u00c9E TA L\u00c9GENDE<\/strong><\/p>\n<p>Con\u00e7ue pour inspirer, cette hoodie allie une coupe moderne \u00e0 un style r\u00e9tro, t\u2019offrant la confiance n\u00e9cessaire pour donner le meilleur de toi-m\u00eame.<\/p>\n<p><strong data-start=\"172\" data-end=\"185\">Mati\u00e8re :<\/strong> 80% coton, 20% polyester (330 g\/m\u00b2, tissu \u00e9pais et r\u00e9sistant)<br data-start=\"247\" data-end=\"250\" \/><strong data-start=\"250\" data-end=\"261\">Coupe :<\/strong> Ajust\u00e9e (slim fit)<br data-start=\"280\" data-end=\"283\" \/><strong data-start=\"283\" data-end=\"295\">Design :<\/strong> Confectionn\u00e9e dans un tissu \u00e9pais et confortable, cette hoodie pr\u00e9sente des bords bruts aux emmanchures, \u00e0 la capuche et \u00e0 l\u2019ourlet pour un look audacieux et authentique. Le design <strong data-start=\"477\" data-end=\"493\">Legacy RAVAS<\/strong> sur la poitrine rend hommage aux origines du v\u00eatement de performance, un m\u00e9lange parfait entre intemporalit\u00e9 et fonctionnalit\u00e9.<br data-start=\"621\" data-end=\"624\" \/><strong data-start=\"624\" data-end=\"636\">Mod\u00e8le : <\/strong>Taille port\u00e9e : M.<\/p>","protected":false},"excerpt":{"rendered":"<p>CR\u00c9E TA L\u00c9GENDE Con\u00e7ue pour inspirer, cette hoodie allie une coupe moderne \u00e0 un style r\u00e9tro, t\u2019offrant la confiance n\u00e9cessaire pour donner le meilleur de toi-m\u00eame. Mati\u00e8re : 80% coton, 20% polyester (330 g\/m\u00b2, tissu \u00e9pais et r\u00e9sistant)Coupe : Ajust\u00e9e (slim fit)Design : Confectionn\u00e9e dans un tissu \u00e9pais et confortable, cette hoodie pr\u00e9sente des bords [&hellip;]<\/p>","protected":false},"featured_media":7513,"comment_status":"open","ping_status":"closed","template":"","meta":{"_eb_attr":""},"product_brand":[],"product_cat":[139,50],"product_tag":[],"class_list":{"0":"post-7506","1":"product","2":"type-product","3":"status-publish","4":"has-post-thumbnail","6":"product_cat-debardeurs","7":"product_cat-men","9":"first","10":"instock","11":"taxable","12":"shipping-taxable","13":"purchasable","14":"product-type-variable"},"_links":{"self":[{"href":"https:\/\/ravas-tn.com\/fr\/wp-json\/wp\/v2\/product\/7506","targetHints":{"allow":["GET"]}}],"collection":[{"href":"https:\/\/ravas-tn.com\/fr\/wp-json\/wp\/v2\/product"}],"about":[{"href":"https:\/\/ravas-tn.com\/fr\/wp-json\/wp\/v2\/types\/product"}],"replies":[{"embeddable":true,"href":"https:\/\/ravas-tn.com\/fr\/wp-json\/wp\/v2\/comments?post=7506"}],"version-history":[{"count":0,"href":"https:\/\/ravas-tn.com\/fr\/wp-json\/wp\/v2\/product\/7506\/revisions"}],"wp:featuredmedia":[{"embeddable":true,"href":"https:\/\/ravas-tn.com\/fr\/wp-json\/wp\/v2\/media\/7513"}],"wp:attachment":[{"href":"https:\/\/ravas-tn.com\/fr\/wp-json\/wp\/v2\/media?parent=7506"}],"wp:term":[{"taxonomy":"product_brand","embeddable":true,"href":"https:\/\/ravas-tn.com\/fr\/wp-json\/wp\/v2\/product_brand?post=7506"},{"taxonomy":"product_cat","embeddable":true,"href":"https:\/\/ravas-tn.com\/fr\/wp-json\/wp\/v2\/product_cat?post=7506"},{"taxonomy":"product_tag","embeddable":true,"href":"https:\/\/ravas-tn.com\/fr\/wp-json\/wp\/v2\/product_tag?post=7506"}],"curies":[{"name":"wp","href":"https:\/\/api.w.org\/{rel}","templated":true}]}}