{"id":7494,"date":"2025-10-05T20:53:41","date_gmt":"2025-10-05T18:53:41","guid":{"rendered":"https:\/\/ravas-tn.com\/?post_type=product&#038;p=7494"},"modified":"2026-01-26T10:34:42","modified_gmt":"2026-01-26T09:34:42","slug":"long-sleeve-compression-t-shirt","status":"publish","type":"product","link":"https:\/\/ravas-tn.com\/fr\/produit\/long-sleeve-compression-t-shirt\/","title":{"rendered":"LONG SLEEVE COMPRESSION T-SHIRT"},"content":{"rendered":"<article class=\"text-token-text-primary w-full focus:outline-none scroll-mt-[calc(var(--header-height)+min(200px,max(70px,20svh)))]\" dir=\"auto\" tabindex=\"-1\" data-turn-id=\"request-WEB:0657eaa1-2f58-4ea7-a909-70c8934c6722-2\" data-testid=\"conversation-turn-6\" data-scroll-anchor=\"true\" data-turn=\"assistant\">\n<div class=\"text-base my-auto mx-auto pb-10 [--thread-content-margin:--spacing(4)] thread-sm:[--thread-content-margin:--spacing(6)] thread-lg:[--thread-content-margin:--spacing(16)] px-(--thread-content-margin)\">\n<div class=\"[--thread-content-max-width:40rem] thread-lg:[--thread-content-max-width:48rem] mx-auto max-w-(--thread-content-max-width) flex-1 group\/turn-messages focus-visible:outline-hidden relative flex w-full min-w-0 flex-col agent-turn\" tabindex=\"-1\">\n<div class=\"flex max-w-full flex-col grow\">\n<div class=\"min-h-8 text-message relative flex w-full flex-col items-end gap-2 text-start break-words whitespace-normal [.text-message+&amp;]:mt-5\" dir=\"auto\" data-message-author-role=\"assistant\" data-message-id=\"027bc9c9-db37-44c4-8bb8-981df478650f\" data-message-model-slug=\"gpt-5\">\n<div class=\"flex w-full flex-col gap-1 empty:hidden first:pt-[1px]\">\n<div class=\"markdown prose dark:prose-invert w-full break-words light markdown-new-styling\">\n<p data-start=\"0\" data-end=\"26\" data-is-last-node=\"\" data-is-only-node=\"\"><strong data-start=\"0\" data-end=\"23\" data-is-only-node=\"\">LIB\u00c8RE TA PUISSANCE<\/strong><\/p>\n<\/div>\n<\/div>\n<\/div>\n<\/div>\n<\/div>\n<\/div>\n<\/article>\n<p data-start=\"27\" data-end=\"207\">Ce t-shirt \u00e0 manches longues allie compression et confort pour t\u2019accompagner dans tes entra\u00eenements les plus intenses, t\u2019aidant \u00e0 donner le meilleur de toi-m\u00eame \u00e0 chaque session.<\/p>\n<p data-start=\"209\" data-end=\"528\" data-is-last-node=\"\" data-is-only-node=\"\"><strong data-start=\"209\" data-end=\"222\">Mati\u00e8re :<\/strong> 80 % coton, 20 % lycra<br data-start=\"245\" data-end=\"248\" \/><strong data-start=\"248\" data-end=\"259\" data-is-only-node=\"\">Coupe :<\/strong> Ajust\u00e9e (compression fit)<br data-start=\"285\" data-end=\"288\" \/><strong data-start=\"288\" data-end=\"300\">Design :<\/strong> Con\u00e7u pour la performance et le style, il pr\u00e9sente un col montant avec logo imprim\u00e9, la signature \u201cRAVAS\u201d sur la manche, et une coupe \u00e9pur\u00e9e qui valorise \u00e0 la fois le mouvement et la confiance.<br data-start=\"494\" data-end=\"497\" \/><strong data-start=\"497\" data-end=\"509\">Mod\u00e8le :<\/strong> Taille port\u00e9e : M.<\/p>","protected":false},"excerpt":{"rendered":"<p>LIB\u00c8RE TA PUISSANCE Ce t-shirt \u00e0 manches longues allie compression et confort pour t\u2019accompagner dans tes entra\u00eenements les plus intenses, t\u2019aidant \u00e0 donner le meilleur de toi-m\u00eame \u00e0 chaque session. Mati\u00e8re : 80 % coton, 20 % lycraCoupe : Ajust\u00e9e (compression fit)Design : Con\u00e7u pour la performance et le style, il pr\u00e9sente un col montant [&hellip;]<\/p>","protected":false},"featured_media":7492,"comment_status":"open","ping_status":"closed","template":"","meta":{"_eb_attr":""},"product_brand":[],"product_cat":[50,61],"product_tag":[],"class_list":{"0":"post-7494","1":"product","2":"type-product","3":"status-publish","4":"has-post-thumbnail","6":"product_cat-men","7":"product_cat-t-shirts","9":"first","10":"instock","11":"taxable","12":"shipping-taxable","13":"purchasable","14":"product-type-variable"},"_links":{"self":[{"href":"https:\/\/ravas-tn.com\/fr\/wp-json\/wp\/v2\/product\/7494","targetHints":{"allow":["GET"]}}],"collection":[{"href":"https:\/\/ravas-tn.com\/fr\/wp-json\/wp\/v2\/product"}],"about":[{"href":"https:\/\/ravas-tn.com\/fr\/wp-json\/wp\/v2\/types\/product"}],"replies":[{"embeddable":true,"href":"https:\/\/ravas-tn.com\/fr\/wp-json\/wp\/v2\/comments?post=7494"}],"version-history":[{"count":1,"href":"https:\/\/ravas-tn.com\/fr\/wp-json\/wp\/v2\/product\/7494\/revisions"}],"predecessor-version":[{"id":8384,"href":"https:\/\/ravas-tn.com\/fr\/wp-json\/wp\/v2\/product\/7494\/revisions\/8384"}],"wp:featuredmedia":[{"embeddable":true,"href":"https:\/\/ravas-tn.com\/fr\/wp-json\/wp\/v2\/media\/7492"}],"wp:attachment":[{"href":"https:\/\/ravas-tn.com\/fr\/wp-json\/wp\/v2\/media?parent=7494"}],"wp:term":[{"taxonomy":"product_brand","embeddable":true,"href":"https:\/\/ravas-tn.com\/fr\/wp-json\/wp\/v2\/product_brand?post=7494"},{"taxonomy":"product_cat","embeddable":true,"href":"https:\/\/ravas-tn.com\/fr\/wp-json\/wp\/v2\/product_cat?post=7494"},{"taxonomy":"product_tag","embeddable":true,"href":"https:\/\/ravas-tn.com\/fr\/wp-json\/wp\/v2\/product_tag?post=7494"}],"curies":[{"name":"wp","href":"https:\/\/api.w.org\/{rel}","templated":true}]}}